{"id":2,"date":"2012-07-01T20:10:52","date_gmt":"2012-07-01T20:10:52","guid":{"rendered":"http:\/\/anyma.ch\/friche\/?page_id=2"},"modified":"2012-08-22T09:02:18","modified_gmt":"2012-08-22T09:02:18","slug":"about","status":"publish","type":"page","link":"http:\/\/anyma.ch\/friche\/about\/","title":{"rendered":"Programme"},"content":{"rendered":"<p>Du 15 ao\u00fbt au 14 octobre:<br \/><a href=\"http:\/\/anyma.ch\/friche\/category\/details\/photographes\/\">Photographes<\/a> | <a href=\"http:\/\/anyma.ch\/friche\/category\/details\/cinema\/\">Cin\u00e9ma<\/a> | <a href=\"http:\/\/anyma.ch\/friche\/category\/details\/concerts\/\">Concerts<\/a> | <a href=\"http:\/\/anyma.ch\/friche\/category\/details\/spectacles\/\">Spectacles<\/a> | <a href=\"http:\/\/anyma.ch\/friche\/category\/details\/workshops\/\">Workshops<\/a><\/p>\n<p>[calendar]<\/p>\n<p>&nbsp;<\/p>\n<p><strong>Contactez-nous et restez au courant<\/strong><\/p>\n<p>Pour vous inscrire ou de r\u00e9server une place pour un \u00e9v\u00e9nement, contactez-nous <a href=\"http:\/\/anyma.ch\/friche\/contact\">\u00e0 l&rsquo;aide ce formulaire<\/a><\/p>\n<p>Pour rester inform\u00e9, <a href=\"http:\/\/anyma.ch\/subscribe\">abonnez-vous \u00e0 notre newsletter<\/a><br \/>\nLe Jardin Aux Betteraves sur <a href=\"http:\/\/www.facebook.com\/LeJardinAuxBetteraves\">Facebook<\/a><\/p>\n<p>&nbsp;<\/p>\n<h2>Lieu<\/h2>\n<p>Le Jardin Aux Betteraves se trouve sur la friche de l&rsquo;ancienne fonderie de Fribourg:<\/p>\n<address>Route des Arsenaux 14<br \/>\n1700 Fribourg<\/address>\n<p><iframe loading=\"lazy\" src=\"http:\/\/maps.google.com\/maps?q=fribourg,+route+des+arsenaux+14&amp;hl=en&amp;sll=46.797739,7.149965&amp;sspn=0.004333,0.008883&amp;t=h&amp;hnear=Route+des+Arsenaux+14,+1700+Fribourg,+Switzerland&amp;ie=UTF8&amp;hq=&amp;z=14&amp;ll=46.797561,7.150292&amp;output=embed\" frameborder=\"0\" marginwidth=\"0\" marginheight=\"0\" scrolling=\"no\" width=\"425\" height=\"350\"><\/iframe><br \/>\n<small><a style=\"color: #0000ff; text-align: left;\" href=\"http:\/\/maps.google.com\/maps?q=fribourg,+route+des+arsenaux+14&amp;hl=en&amp;sll=46.797739,7.149965&amp;sspn=0.004333,0.008883&amp;t=h&amp;hnear=Route+des+Arsenaux+14,+1700+Fribourg,+Switzerland&amp;ie=UTF8&amp;hq=&amp;z=14&amp;ll=46.797561,7.150292&amp;source=embed\">View Larger Map<\/a><\/small><\/p>\n<h2>Heures d&rsquo;ouverture<\/h2>\n<p>Petite restauration, bar et fondues<br \/>\nDu mercredi au dimanche: 16h &#8211; 23h30, 24h vendredi et samedi<\/p>\n<p>Les workshops ont leurs propres horaires<\/p>\n","protected":false},"excerpt":{"rendered":"<p>Du 15 ao\u00fbt au 14 octobre:Photographes | Cin\u00e9ma | Concerts | Spectacles | Workshops [calendar] &nbsp; Contactez-nous et restez au courant Pour vous inscrire ou de r\u00e9server une place pour un \u00e9v\u00e9nement, contactez-nous \u00e0 l&rsquo;aide ce formulaire Pour rester inform\u00e9, &hellip; <a href=\"http:\/\/anyma.ch\/friche\/about\/\">Continuer la lecture <span class=\"meta-nav\">&rarr;<\/span><\/a><\/p>\n","protected":false},"author":1,"featured_media":0,"parent":0,"menu_order":0,"comment_status":"open","ping_status":"open","template":"sidebar-page.php","meta":{"footnotes":""},"_links":{"self":[{"href":"http:\/\/anyma.ch\/friche\/wp-json\/wp\/v2\/pages\/2"}],"collection":[{"href":"http:\/\/anyma.ch\/friche\/wp-json\/wp\/v2\/pages"}],"about":[{"href":"http:\/\/anyma.ch\/friche\/wp-json\/wp\/v2\/types\/page"}],"author":[{"embeddable":true,"href":"http:\/\/anyma.ch\/friche\/wp-json\/wp\/v2\/users\/1"}],"replies":[{"embeddable":true,"href":"http:\/\/anyma.ch\/friche\/wp-json\/wp\/v2\/comments?post=2"}],"version-history":[{"count":11,"href":"http:\/\/anyma.ch\/friche\/wp-json\/wp\/v2\/pages\/2\/revisions"}],"predecessor-version":[{"id":205,"href":"http:\/\/anyma.ch\/friche\/wp-json\/wp\/v2\/pages\/2\/revisions\/205"}],"wp:attachment":[{"href":"http:\/\/anyma.ch\/friche\/wp-json\/wp\/v2\/media?parent=2"}],"curies":[{"name":"wp","href":"https:\/\/api.w.org\/{rel}","templated":true}]}}